{"id":308,"date":"2022-08-22T10:13:18","date_gmt":"2022-08-22T10:13:18","guid":{"rendered":"https:\/\/grup-petromecanic.ro\/?page_id=308"},"modified":"2022-09-23T08:12:49","modified_gmt":"2022-09-23T08:12:49","slug":"calitate","status":"publish","type":"page","link":"https:\/\/grup-petromecanic.ro\/i\/calitate\/","title":{"rendered":"Qualit\u00e0"},"content":{"rendered":"<div data-elementor-type=\"wp-page\" data-elementor-id=\"308\" class=\"elementor elementor-308\">\n\t\t\t\t\t\t<section class=\"elementor-section elementor-top-section elementor-element elementor-element-40c44b96 elementor-section-boxed elementor-section-height-default elementor-section-height-default\" data-id=\"40c44b96\" data-element_type=\"section\" data-settings=\"{&quot;background_background&quot;:&quot;classic&quot;,&quot;background_motion_fx_motion_fx_scrolling&quot;:&quot;yes&quot;,&quot;background_motion_fx_translateY_effect&quot;:&quot;yes&quot;,&quot;background_motion_fx_translateY_speed&quot;:{&quot;unit&quot;:&quot;px&quot;,&quot;size&quot;:9,&quot;sizes&quot;:[]},&quot;background_motion_fx_translateY_affectedRange&quot;:{&quot;unit&quot;:&quot;%&quot;,&quot;size&quot;:&quot;&quot;,&quot;sizes&quot;:{&quot;start&quot;:0,&quot;end&quot;:100}},&quot;background_motion_fx_devices&quot;:[&quot;desktop&quot;,&quot;tablet&quot;,&quot;mobile&quot;],&quot;_ha_eqh_enable&quot;:false}\">\n\t\t\t\t\t\t\t<div class=\"elementor-background-overlay\"><\/div>\n\t\t\t\t\t\t\t<div class=\"elementor-container elementor-column-gap-default\">\n\t\t\t\t\t<div class=\"elementor-column elementor-col-100 elementor-top-column elementor-element elementor-element-40511ed\" data-id=\"40511ed\" data-element_type=\"column\">\n\t\t\t<div class=\"elementor-widget-wrap elementor-element-populated\">\n\t\t\t\t\t\t<div class=\"elementor-element elementor-element-20ee92c9 elementor-widget__width-initial elementor-widget elementor-widget-heading\" data-id=\"20ee92c9\" data-element_type=\"widget\" data-widget_type=\"heading.default\">\n\t\t\t\t<div class=\"elementor-widget-container\">\n\t\t\t<style>\/*! elementor - v3.20.0 - 20-03-2024 *\/\n.elementor-heading-title{padding:0;margin:0;line-height:1}.elementor-widget-heading .elementor-heading-title[class*=elementor-size-]>a{color:inherit;font-size:inherit;line-height:inherit}.elementor-widget-heading .elementor-heading-title.elementor-size-small{font-size:15px}.elementor-widget-heading .elementor-heading-title.elementor-size-medium{font-size:19px}.elementor-widget-heading .elementor-heading-title.elementor-size-large{font-size:29px}.elementor-widget-heading .elementor-heading-title.elementor-size-xl{font-size:39px}.elementor-widget-heading .elementor-heading-title.elementor-size-xxl{font-size:59px}<\/style><h2 class=\"elementor-heading-title elementor-size-default\">Qualit\u00e0<\/h2>\t\t<\/div>\n\t\t\t\t<\/div>\n\t\t\t\t\t<\/div>\n\t\t<\/div>\n\t\t\t\t\t<\/div>\n\t\t<\/section>\n\t\t\t\t<section class=\"elementor-section elementor-top-section elementor-element elementor-element-2a576370 elementor-section-boxed elementor-section-height-default elementor-section-height-default\" data-id=\"2a576370\" data-element_type=\"section\" data-settings=\"{&quot;_ha_eqh_enable&quot;:false}\">\n\t\t\t\t\t\t<div class=\"elementor-container elementor-column-gap-default\">\n\t\t\t\t\t<div class=\"elementor-column elementor-col-50 elementor-top-column elementor-element elementor-element-5a69044f\" data-id=\"5a69044f\" data-element_type=\"column\">\n\t\t\t<div class=\"elementor-widget-wrap elementor-element-populated\">\n\t\t\t\t\t\t<div class=\"elementor-element elementor-element-36df42ea elementor-widget__width-inherit elementor-widget elementor-widget-heading\" data-id=\"36df42ea\" data-element_type=\"widget\" data-widget_type=\"heading.default\">\n\t\t\t\t<div class=\"elementor-widget-container\">\n\t\t\t<h2 class=\"elementor-heading-title elementor-size-default\">Qualit\u00e0<\/h2>\t\t<\/div>\n\t\t\t\t<\/div>\n\t\t\t\t<div class=\"elementor-element elementor-element-78d68de7 elementor-widget elementor-widget-text-editor\" data-id=\"78d68de7\" data-element_type=\"widget\" data-widget_type=\"text-editor.default\">\n\t\t\t\t<div class=\"elementor-widget-container\">\n\t\t\t<style>\/*! elementor - v3.20.0 - 20-03-2024 *\/\n.elementor-widget-text-editor.elementor-drop-cap-view-stacked .elementor-drop-cap{background-color:#69727d;color:#fff}.elementor-widget-text-editor.elementor-drop-cap-view-framed .elementor-drop-cap{color:#69727d;border:3px solid;background-color:transparent}.elementor-widget-text-editor:not(.elementor-drop-cap-view-default) .elementor-drop-cap{margin-top:8px}.elementor-widget-text-editor:not(.elementor-drop-cap-view-default) .elementor-drop-cap-letter{width:1em;height:1em}.elementor-widget-text-editor .elementor-drop-cap{float:left;text-align:center;line-height:1;font-size:50px}.elementor-widget-text-editor .elementor-drop-cap-letter{display:inline-block}<\/style>\t\t\t\t<p>Per il raggiungimento degli obiettivi proposti, \u00e8 stato progettato e certificato il Sistema di Gestione della Qualit\u00e0 (SMQ) secondo SR EN ISO 9001:2015 con ECS EURO CERT SYSTEMS.<\/p><p>Per le attivit\u00e0 indicate, la societ\u00e0 \u00e8 titolare dell\u2019autorizzazione ambientale n. 420\/29.12.2019, scadente il 29.12.2025.<\/p><p>Il sistema di gestione SSO e quello ambientale, secondo SR EN ISO 14001:2015 e SR OHSAS 18001:2008, sono certificati da ECS EURO CERT SYSTEMS.<\/p>\t\t\t\t\t\t<\/div>\n\t\t\t\t<\/div>\n\t\t\t\t\t<\/div>\n\t\t<\/div>\n\t\t\t\t<div class=\"elementor-column elementor-col-50 elementor-top-column elementor-element elementor-element-55930a71\" data-id=\"55930a71\" data-element_type=\"column\">\n\t\t\t<div class=\"elementor-widget-wrap elementor-element-populated\">\n\t\t\t\t\t\t<div class=\"elementor-element elementor-element-d0fb70b elementor-widget elementor-widget-image\" data-id=\"d0fb70b\" data-element_type=\"widget\" data-widget_type=\"image.default\">\n\t\t\t\t<div class=\"elementor-widget-container\">\n\t\t\t<style>\/*! elementor - v3.20.0 - 20-03-2024 *\/\n.elementor-widget-image{text-align:center}.elementor-widget-image a{display:inline-block}.elementor-widget-image a img[src$=\".svg\"]{width:48px}.elementor-widget-image img{vertical-align:middle;display:inline-block}<\/style>\t\t\t\t\t\t\t\t\t\t<img fetchpriority=\"high\" decoding=\"async\" width=\"1024\" height=\"682\" src=\"https:\/\/grup-petromecanic.ro\/wp-content\/uploads\/2022\/08\/WhatsApp-Image-2022-07-19-at-3.32.10-PM-1.jpeg\" class=\"attachment-large size-large wp-image-311\" alt=\"calitate\" srcset=\"https:\/\/grup-petromecanic.ro\/wp-content\/uploads\/2022\/08\/WhatsApp-Image-2022-07-19-at-3.32.10-PM-1.jpeg 1024w, https:\/\/grup-petromecanic.ro\/wp-content\/uploads\/2022\/08\/WhatsApp-Image-2022-07-19-at-3.32.10-PM-1-300x200.jpeg 300w, https:\/\/grup-petromecanic.ro\/wp-content\/uploads\/2022\/08\/WhatsApp-Image-2022-07-19-at-3.32.10-PM-1-768x512.jpeg 768w\" sizes=\"(max-width: 1024px) 100vw, 1024px\" \/>\t\t\t\t\t\t\t\t\t\t\t\t\t<\/div>\n\t\t\t\t<\/div>\n\t\t\t\t\t<\/div>\n\t\t<\/div>\n\t\t\t\t\t<\/div>\n\t\t<\/section>\n\t\t\t\t<section class=\"elementor-section elementor-top-section elementor-element elementor-element-10ae5db6 elementor-reverse-tablet elementor-reverse-mobile elementor-section-boxed elementor-section-height-default elementor-section-height-default\" data-id=\"10ae5db6\" data-element_type=\"section\" data-settings=\"{&quot;background_background&quot;:&quot;classic&quot;,&quot;_ha_eqh_enable&quot;:false}\">\n\t\t\t\t\t\t<div class=\"elementor-container elementor-column-gap-default\">\n\t\t\t\t\t<div class=\"elementor-column elementor-col-50 elementor-top-column elementor-element elementor-element-26d9dfe8\" data-id=\"26d9dfe8\" data-element_type=\"column\" data-settings=\"{&quot;background_background&quot;:&quot;classic&quot;}\">\n\t\t\t<div class=\"elementor-widget-wrap elementor-element-populated\">\n\t\t\t\t\t\t<div class=\"elementor-element elementor-element-55c9ddc3 elementor-widget__width-inherit elementor-widget elementor-widget-heading\" data-id=\"55c9ddc3\" data-element_type=\"widget\" data-widget_type=\"heading.default\">\n\t\t\t\t<div class=\"elementor-widget-container\">\n\t\t\t<h2 class=\"elementor-heading-title elementor-size-default\">Attualmente, l\u2019azienda dispone di<\/h2>\t\t<\/div>\n\t\t\t\t<\/div>\n\t\t\t\t<div class=\"elementor-element elementor-element-19135ba0 elementor-widget elementor-widget-text-editor\" data-id=\"19135ba0\" data-element_type=\"widget\" data-widget_type=\"text-editor.default\">\n\t\t\t\t<div class=\"elementor-widget-container\">\n\t\t\t\t\t\t\t<ul><li>Certificato di conformit\u00e0 del controllo di produzione-fabbricazione, n. 2028-CPR-323, ELEMENTI STRUTTURALI IN ACCIAIO, secondo la norma EN 1090-1:2009 +A1:2011;<\/li><li>Procedure di saldatura approvate da: ISIM TIMISOARA, ISCIR-CERT, IT ISCIR-INSPECT, RINA;\u00a0 \u00a0 \u00a0 \u00a0 \u00a0\u00a0<\/li><\/ul><ul><li>Personale abilitato per l\u2019esecuzione di saldature con RIN e ISIM TIMISOARA;<\/li><li>Personale abilitato per i controlli non distruttivi: LP, MT e UT - certificati di qualifica - RINA<\/li><li>La societ\u00e0 \u00e8 in possessione della certificazione RTS da parte di OSIM Timisoara;<\/li><li>Autorizzazione RAR di assistenza, Classe I e III, secondo RNTR-9, n. 6311\/27.06.2008;<\/li><li>Autorizzazione RAR di carrozzeria n. 157\/02.06.2009.<\/li><\/ul>\t\t\t\t\t\t<\/div>\n\t\t\t\t<\/div>\n\t\t\t\t\t<\/div>\n\t\t<\/div>\n\t\t\t\t<div class=\"elementor-column elementor-col-50 elementor-top-column elementor-element elementor-element-45c7625c\" data-id=\"45c7625c\" data-element_type=\"column\">\n\t\t\t<div class=\"elementor-widget-wrap elementor-element-populated\">\n\t\t\t\t\t\t<div class=\"elementor-element elementor-element-3084eb5 elementor-arrows-position-inside elementor-pagination-position-outside elementor-widget elementor-widget-image-carousel\" data-id=\"3084eb5\" data-element_type=\"widget\" data-settings=\"{&quot;slides_to_show&quot;:&quot;1&quot;,&quot;navigation&quot;:&quot;both&quot;,&quot;autoplay&quot;:&quot;yes&quot;,&quot;pause_on_hover&quot;:&quot;yes&quot;,&quot;pause_on_interaction&quot;:&quot;yes&quot;,&quot;autoplay_speed&quot;:5000,&quot;infinite&quot;:&quot;yes&quot;,&quot;effect&quot;:&quot;slide&quot;,&quot;speed&quot;:500}\" data-widget_type=\"image-carousel.default\">\n\t\t\t\t<div class=\"elementor-widget-container\">\n\t\t\t<style>\/*! elementor - v3.20.0 - 20-03-2024 *\/\n.elementor-widget-image-carousel .swiper,.elementor-widget-image-carousel .swiper-container{position:static}.elementor-widget-image-carousel .swiper-container .swiper-slide figure,.elementor-widget-image-carousel .swiper .swiper-slide figure{line-height:inherit}.elementor-widget-image-carousel .swiper-slide{text-align:center}.elementor-image-carousel-wrapper:not(.swiper-container-initialized):not(.swiper-initialized) .swiper-slide{max-width:calc(100% \/ var(--e-image-carousel-slides-to-show, 3))}<\/style>\t\t<div class=\"elementor-image-carousel-wrapper swiper\" dir=\"ltr\">\n\t\t\t<div class=\"elementor-image-carousel swiper-wrapper\" aria-live=\"off\">\n\t\t\t\t\t\t\t\t<div class=\"swiper-slide\" role=\"group\" aria-roledescription=\"slide\" aria-label=\"1 de 11\"><a data-elementor-open-lightbox=\"yes\" data-elementor-lightbox-slideshow=\"3084eb5\" data-elementor-lightbox-title=\"WhatsApp Image 2022-07-19 at 6.08.02 PM\" data-e-action-hash=\"#elementor-action%3Aaction%3Dlightbox%26settings%3DeyJpZCI6MzEyLCJ1cmwiOiJodHRwczpcL1wvZ3J1cC1wZXRyb21lY2FuaWMucm9cL3dwLWNvbnRlbnRcL3VwbG9hZHNcLzIwMjJcLzA4XC9XaGF0c0FwcC1JbWFnZS0yMDIyLTA3LTE5LWF0LTYuMDguMDItUE0uanBlZyIsInNsaWRlc2hvdyI6IjMwODRlYjUifQ%3D%3D\" href=\"https:\/\/grup-petromecanic.ro\/wp-content\/uploads\/2022\/08\/WhatsApp-Image-2022-07-19-at-6.08.02-PM.jpeg\"><figure class=\"swiper-slide-inner\"><img decoding=\"async\" class=\"swiper-slide-image\" src=\"https:\/\/grup-petromecanic.ro\/wp-content\/uploads\/2022\/08\/WhatsApp-Image-2022-07-19-at-6.08.02-PM.jpeg\" alt=\"WhatsApp Image 2022-07-19 at 6.08.02 PM\" \/><\/figure><\/a><\/div><div class=\"swiper-slide\" role=\"group\" aria-roledescription=\"slide\" aria-label=\"2 de 11\"><a data-elementor-open-lightbox=\"yes\" data-elementor-lightbox-slideshow=\"3084eb5\" data-elementor-lightbox-title=\"WhatsApp Image 2022-07-19 at 6.08.03 PM (1)\" data-e-action-hash=\"#elementor-action%3Aaction%3Dlightbox%26settings%3DeyJpZCI6MzEzLCJ1cmwiOiJodHRwczpcL1wvZ3J1cC1wZXRyb21lY2FuaWMucm9cL3dwLWNvbnRlbnRcL3VwbG9hZHNcLzIwMjJcLzA4XC9XaGF0c0FwcC1JbWFnZS0yMDIyLTA3LTE5LWF0LTYuMDguMDMtUE0tMS5qcGVnIiwic2xpZGVzaG93IjoiMzA4NGViNSJ9\" href=\"https:\/\/grup-petromecanic.ro\/wp-content\/uploads\/2022\/08\/WhatsApp-Image-2022-07-19-at-6.08.03-PM-1.jpeg\"><figure class=\"swiper-slide-inner\"><img decoding=\"async\" class=\"swiper-slide-image\" src=\"https:\/\/grup-petromecanic.ro\/wp-content\/uploads\/2022\/08\/WhatsApp-Image-2022-07-19-at-6.08.03-PM-1.jpeg\" alt=\"WhatsApp Image 2022-07-19 at 6.08.03 PM (1)\" \/><\/figure><\/a><\/div><div class=\"swiper-slide\" role=\"group\" aria-roledescription=\"slide\" aria-label=\"3 de 11\"><a data-elementor-open-lightbox=\"yes\" data-elementor-lightbox-slideshow=\"3084eb5\" data-elementor-lightbox-title=\"WhatsApp Image 2022-07-19 at 6.08.03 PM\" data-e-action-hash=\"#elementor-action%3Aaction%3Dlightbox%26settings%3DeyJpZCI6MzE0LCJ1cmwiOiJodHRwczpcL1wvZ3J1cC1wZXRyb21lY2FuaWMucm9cL3dwLWNvbnRlbnRcL3VwbG9hZHNcLzIwMjJcLzA4XC9XaGF0c0FwcC1JbWFnZS0yMDIyLTA3LTE5LWF0LTYuMDguMDMtUE0uanBlZyIsInNsaWRlc2hvdyI6IjMwODRlYjUifQ%3D%3D\" href=\"https:\/\/grup-petromecanic.ro\/wp-content\/uploads\/2022\/08\/WhatsApp-Image-2022-07-19-at-6.08.03-PM.jpeg\"><figure class=\"swiper-slide-inner\"><img decoding=\"async\" class=\"swiper-slide-image\" src=\"https:\/\/grup-petromecanic.ro\/wp-content\/uploads\/2022\/08\/WhatsApp-Image-2022-07-19-at-6.08.03-PM.jpeg\" alt=\"WhatsApp Image 2022-07-19 at 6.08.03 PM\" \/><\/figure><\/a><\/div><div class=\"swiper-slide\" role=\"group\" aria-roledescription=\"slide\" aria-label=\"4 de 11\"><a data-elementor-open-lightbox=\"yes\" data-elementor-lightbox-slideshow=\"3084eb5\" data-elementor-lightbox-title=\"WhatsApp Image 2022-07-19 at 6.08.04 PM (1)\" data-e-action-hash=\"#elementor-action%3Aaction%3Dlightbox%26settings%3DeyJpZCI6MzE1LCJ1cmwiOiJodHRwczpcL1wvZ3J1cC1wZXRyb21lY2FuaWMucm9cL3dwLWNvbnRlbnRcL3VwbG9hZHNcLzIwMjJcLzA4XC9XaGF0c0FwcC1JbWFnZS0yMDIyLTA3LTE5LWF0LTYuMDguMDQtUE0tMS5qcGVnIiwic2xpZGVzaG93IjoiMzA4NGViNSJ9\" href=\"https:\/\/grup-petromecanic.ro\/wp-content\/uploads\/2022\/08\/WhatsApp-Image-2022-07-19-at-6.08.04-PM-1.jpeg\"><figure class=\"swiper-slide-inner\"><img decoding=\"async\" class=\"swiper-slide-image\" src=\"https:\/\/grup-petromecanic.ro\/wp-content\/uploads\/2022\/08\/WhatsApp-Image-2022-07-19-at-6.08.04-PM-1.jpeg\" alt=\"WhatsApp Image 2022-07-19 at 6.08.04 PM (1)\" \/><\/figure><\/a><\/div><div class=\"swiper-slide\" role=\"group\" aria-roledescription=\"slide\" aria-label=\"5 de 11\"><a data-elementor-open-lightbox=\"yes\" data-elementor-lightbox-slideshow=\"3084eb5\" data-elementor-lightbox-title=\"WhatsApp Image 2022-07-19 at 6.08.04 PM\" data-e-action-hash=\"#elementor-action%3Aaction%3Dlightbox%26settings%3DeyJpZCI6MzE2LCJ1cmwiOiJodHRwczpcL1wvZ3J1cC1wZXRyb21lY2FuaWMucm9cL3dwLWNvbnRlbnRcL3VwbG9hZHNcLzIwMjJcLzA4XC9XaGF0c0FwcC1JbWFnZS0yMDIyLTA3LTE5LWF0LTYuMDguMDQtUE0uanBlZyIsInNsaWRlc2hvdyI6IjMwODRlYjUifQ%3D%3D\" href=\"https:\/\/grup-petromecanic.ro\/wp-content\/uploads\/2022\/08\/WhatsApp-Image-2022-07-19-at-6.08.04-PM.jpeg\"><figure class=\"swiper-slide-inner\"><img decoding=\"async\" class=\"swiper-slide-image\" src=\"https:\/\/grup-petromecanic.ro\/wp-content\/uploads\/2022\/08\/WhatsApp-Image-2022-07-19-at-6.08.04-PM.jpeg\" alt=\"WhatsApp Image 2022-07-19 at 6.08.04 PM\" \/><\/figure><\/a><\/div><div class=\"swiper-slide\" role=\"group\" aria-roledescription=\"slide\" aria-label=\"6 de 11\"><a data-elementor-open-lightbox=\"yes\" data-elementor-lightbox-slideshow=\"3084eb5\" data-elementor-lightbox-title=\"WhatsApp Image 2022-07-19 at 6.08.05 PM (1)\" data-e-action-hash=\"#elementor-action%3Aaction%3Dlightbox%26settings%3DeyJpZCI6MzE3LCJ1cmwiOiJodHRwczpcL1wvZ3J1cC1wZXRyb21lY2FuaWMucm9cL3dwLWNvbnRlbnRcL3VwbG9hZHNcLzIwMjJcLzA4XC9XaGF0c0FwcC1JbWFnZS0yMDIyLTA3LTE5LWF0LTYuMDguMDUtUE0tMS5qcGVnIiwic2xpZGVzaG93IjoiMzA4NGViNSJ9\" href=\"https:\/\/grup-petromecanic.ro\/wp-content\/uploads\/2022\/08\/WhatsApp-Image-2022-07-19-at-6.08.05-PM-1.jpeg\"><figure class=\"swiper-slide-inner\"><img decoding=\"async\" class=\"swiper-slide-image\" src=\"https:\/\/grup-petromecanic.ro\/wp-content\/uploads\/2022\/08\/WhatsApp-Image-2022-07-19-at-6.08.05-PM-1.jpeg\" alt=\"WhatsApp Image 2022-07-19 at 6.08.05 PM (1)\" \/><\/figure><\/a><\/div><div class=\"swiper-slide\" role=\"group\" aria-roledescription=\"slide\" aria-label=\"7 de 11\"><a data-elementor-open-lightbox=\"yes\" data-elementor-lightbox-slideshow=\"3084eb5\" data-elementor-lightbox-title=\"WhatsApp Image 2022-07-19 at 6.08.05 PM\" data-e-action-hash=\"#elementor-action%3Aaction%3Dlightbox%26settings%3DeyJpZCI6MzE4LCJ1cmwiOiJodHRwczpcL1wvZ3J1cC1wZXRyb21lY2FuaWMucm9cL3dwLWNvbnRlbnRcL3VwbG9hZHNcLzIwMjJcLzA4XC9XaGF0c0FwcC1JbWFnZS0yMDIyLTA3LTE5LWF0LTYuMDguMDUtUE0uanBlZyIsInNsaWRlc2hvdyI6IjMwODRlYjUifQ%3D%3D\" href=\"https:\/\/grup-petromecanic.ro\/wp-content\/uploads\/2022\/08\/WhatsApp-Image-2022-07-19-at-6.08.05-PM.jpeg\"><figure class=\"swiper-slide-inner\"><img decoding=\"async\" class=\"swiper-slide-image\" src=\"https:\/\/grup-petromecanic.ro\/wp-content\/uploads\/2022\/08\/WhatsApp-Image-2022-07-19-at-6.08.05-PM.jpeg\" alt=\"WhatsApp Image 2022-07-19 at 6.08.05 PM\" \/><\/figure><\/a><\/div><div class=\"swiper-slide\" role=\"group\" aria-roledescription=\"slide\" aria-label=\"8 de 11\"><a data-elementor-open-lightbox=\"yes\" data-elementor-lightbox-slideshow=\"3084eb5\" data-elementor-lightbox-title=\"WhatsApp Image 2022-07-19 at 6.08.06 PM\" data-e-action-hash=\"#elementor-action%3Aaction%3Dlightbox%26settings%3DeyJpZCI6MzE5LCJ1cmwiOiJodHRwczpcL1wvZ3J1cC1wZXRyb21lY2FuaWMucm9cL3dwLWNvbnRlbnRcL3VwbG9hZHNcLzIwMjJcLzA4XC9XaGF0c0FwcC1JbWFnZS0yMDIyLTA3LTE5LWF0LTYuMDguMDYtUE0uanBlZyIsInNsaWRlc2hvdyI6IjMwODRlYjUifQ%3D%3D\" href=\"https:\/\/grup-petromecanic.ro\/wp-content\/uploads\/2022\/08\/WhatsApp-Image-2022-07-19-at-6.08.06-PM.jpeg\"><figure class=\"swiper-slide-inner\"><img decoding=\"async\" class=\"swiper-slide-image\" src=\"https:\/\/grup-petromecanic.ro\/wp-content\/uploads\/2022\/08\/WhatsApp-Image-2022-07-19-at-6.08.06-PM.jpeg\" alt=\"WhatsApp Image 2022-07-19 at 6.08.06 PM\" \/><\/figure><\/a><\/div><div class=\"swiper-slide\" role=\"group\" aria-roledescription=\"slide\" aria-label=\"9 de 11\"><a data-elementor-open-lightbox=\"yes\" data-elementor-lightbox-slideshow=\"3084eb5\" data-elementor-lightbox-title=\"WhatsApp Image 2022-07-19 at 6.08.07 PM (1)\" data-e-action-hash=\"#elementor-action%3Aaction%3Dlightbox%26settings%3DeyJpZCI6MzIwLCJ1cmwiOiJodHRwczpcL1wvZ3J1cC1wZXRyb21lY2FuaWMucm9cL3dwLWNvbnRlbnRcL3VwbG9hZHNcLzIwMjJcLzA4XC9XaGF0c0FwcC1JbWFnZS0yMDIyLTA3LTE5LWF0LTYuMDguMDctUE0tMS5qcGVnIiwic2xpZGVzaG93IjoiMzA4NGViNSJ9\" href=\"https:\/\/grup-petromecanic.ro\/wp-content\/uploads\/2022\/08\/WhatsApp-Image-2022-07-19-at-6.08.07-PM-1.jpeg\"><figure class=\"swiper-slide-inner\"><img decoding=\"async\" class=\"swiper-slide-image\" src=\"https:\/\/grup-petromecanic.ro\/wp-content\/uploads\/2022\/08\/WhatsApp-Image-2022-07-19-at-6.08.07-PM-1.jpeg\" alt=\"WhatsApp Image 2022-07-19 at 6.08.07 PM (1)\" \/><\/figure><\/a><\/div><div class=\"swiper-slide\" role=\"group\" aria-roledescription=\"slide\" aria-label=\"10 de 11\"><a data-elementor-open-lightbox=\"yes\" data-elementor-lightbox-slideshow=\"3084eb5\" data-elementor-lightbox-title=\"WhatsApp Image 2022-07-19 at 6.08.07 PM\" data-e-action-hash=\"#elementor-action%3Aaction%3Dlightbox%26settings%3DeyJpZCI6MzIxLCJ1cmwiOiJodHRwczpcL1wvZ3J1cC1wZXRyb21lY2FuaWMucm9cL3dwLWNvbnRlbnRcL3VwbG9hZHNcLzIwMjJcLzA4XC9XaGF0c0FwcC1JbWFnZS0yMDIyLTA3LTE5LWF0LTYuMDguMDctUE0uanBlZyIsInNsaWRlc2hvdyI6IjMwODRlYjUifQ%3D%3D\" href=\"https:\/\/grup-petromecanic.ro\/wp-content\/uploads\/2022\/08\/WhatsApp-Image-2022-07-19-at-6.08.07-PM.jpeg\"><figure class=\"swiper-slide-inner\"><img decoding=\"async\" class=\"swiper-slide-image\" src=\"https:\/\/grup-petromecanic.ro\/wp-content\/uploads\/2022\/08\/WhatsApp-Image-2022-07-19-at-6.08.07-PM.jpeg\" alt=\"WhatsApp Image 2022-07-19 at 6.08.07 PM\" \/><\/figure><\/a><\/div><div class=\"swiper-slide\" role=\"group\" aria-roledescription=\"slide\" aria-label=\"11 de 11\"><a data-elementor-open-lightbox=\"yes\" data-elementor-lightbox-slideshow=\"3084eb5\" data-elementor-lightbox-title=\"WhatsApp Image 2022-07-19 at 6.08.08 PM\" data-e-action-hash=\"#elementor-action%3Aaction%3Dlightbox%26settings%3DeyJpZCI6MzIyLCJ1cmwiOiJodHRwczpcL1wvZ3J1cC1wZXRyb21lY2FuaWMucm9cL3dwLWNvbnRlbnRcL3VwbG9hZHNcLzIwMjJcLzA4XC9XaGF0c0FwcC1JbWFnZS0yMDIyLTA3LTE5LWF0LTYuMDguMDgtUE0uanBlZyIsInNsaWRlc2hvdyI6IjMwODRlYjUifQ%3D%3D\" href=\"https:\/\/grup-petromecanic.ro\/wp-content\/uploads\/2022\/08\/WhatsApp-Image-2022-07-19-at-6.08.08-PM.jpeg\"><figure class=\"swiper-slide-inner\"><img decoding=\"async\" class=\"swiper-slide-image\" src=\"https:\/\/grup-petromecanic.ro\/wp-content\/uploads\/2022\/08\/WhatsApp-Image-2022-07-19-at-6.08.08-PM.jpeg\" alt=\"WhatsApp Image 2022-07-19 at 6.08.08 PM\" \/><\/figure><\/a><\/div>\t\t\t<\/div>\n\t\t\t\t\t\t\t\t\t\t\t\t<div class=\"elementor-swiper-button elementor-swiper-button-prev\" role=\"button\" tabindex=\"0\">\n\t\t\t\t\t\t<i aria-hidden=\"true\" class=\"eicon-chevron-left\"><\/i>\t\t\t\t\t<\/div>\n\t\t\t\t\t<div class=\"elementor-swiper-button elementor-swiper-button-next\" role=\"button\" tabindex=\"0\">\n\t\t\t\t\t\t<i aria-hidden=\"true\" class=\"eicon-chevron-right\"><\/i>\t\t\t\t\t<\/div>\n\t\t\t\t\n\t\t\t\t\t\t\t\t\t<div class=\"swiper-pagination\"><\/div>\n\t\t\t\t\t\t\t\t\t<\/div>\n\t\t\t\t<\/div>\n\t\t\t\t<\/div>\n\t\t\t\t\t<\/div>\n\t\t<\/div>\n\t\t\t\t\t<\/div>\n\t\t<\/section>\n\t\t\t\t<\/div>","protected":false},"excerpt":{"rendered":"<p>Calitate Informatii Pentru realizarea obiectivelor propuse s-a proiectat \u0219i certificat Sistemul de management al calit\u0103\u0163ii (SMQ) conform SR EN ISO 9001&nbsp;:2015 cu ECS EURO CERT SYSTEMS. Pentru activit\u0103\u021bile men\u021bionate societatea de\u021bine autoriza\u021bia de mediu nr. 420\/29.12.2019 cu valabilitate pana la 29.12.2025. Sistem de management SSO si Mediu, conform SR EN ISO 14001:2015 SI SR OHSAS [&hellip;]<\/p>","protected":false},"author":1,"featured_media":0,"parent":0,"menu_order":0,"comment_status":"closed","ping_status":"closed","template":"","meta":{"ocean_post_layout":"full-screen","ocean_both_sidebars_style":"","ocean_both_sidebars_content_width":0,"ocean_both_sidebars_sidebars_width":0,"ocean_sidebar":"0","ocean_second_sidebar":"0","ocean_disable_margins":"enable","ocean_add_body_class":"","ocean_shortcode_before_top_bar":"","ocean_shortcode_after_top_bar":"","ocean_shortcode_before_header":"","ocean_shortcode_after_header":"","ocean_has_shortcode":"","ocean_shortcode_after_title":"","ocean_shortcode_before_footer_widgets":"","ocean_shortcode_after_footer_widgets":"","ocean_shortcode_before_footer_bottom":"","ocean_shortcode_after_footer_bottom":"","ocean_display_top_bar":"default","ocean_display_header":"default","ocean_header_style":"","ocean_center_header_left_menu":"0","ocean_custom_header_template":"0","ocean_custom_logo":0,"ocean_custom_retina_logo":0,"ocean_custom_logo_max_width":0,"ocean_custom_logo_tablet_max_width":0,"ocean_custom_logo_mobile_max_width":0,"ocean_custom_logo_max_height":0,"ocean_custom_logo_tablet_max_height":0,"ocean_custom_logo_mobile_max_height":0,"ocean_header_custom_menu":"0","ocean_menu_typo_font_family":"0","ocean_menu_typo_font_subset":"","ocean_menu_typo_font_size":0,"ocean_menu_typo_font_size_tablet":0,"ocean_menu_typo_font_size_mobile":0,"ocean_menu_typo_font_size_unit":"px","ocean_menu_typo_font_weight":"","ocean_menu_typo_font_weight_tablet":"","ocean_menu_typo_font_weight_mobile":"","ocean_menu_typo_transform":"","ocean_menu_typo_transform_tablet":"","ocean_menu_typo_transform_mobile":"","ocean_menu_typo_line_height":0,"ocean_menu_typo_line_height_tablet":0,"ocean_menu_typo_line_height_mobile":0,"ocean_menu_typo_line_height_unit":"","ocean_menu_typo_spacing":0,"ocean_menu_typo_spacing_tablet":0,"ocean_menu_typo_spacing_mobile":0,"ocean_menu_typo_spacing_unit":"","ocean_menu_link_color":"","ocean_menu_link_color_hover":"","ocean_menu_link_color_active":"","ocean_menu_link_background":"","ocean_menu_link_hover_background":"","ocean_menu_link_active_background":"","ocean_menu_social_links_bg":"","ocean_menu_social_hover_links_bg":"","ocean_menu_social_links_color":"","ocean_menu_social_hover_links_color":"","ocean_disable_title":"default","ocean_disable_heading":"default","ocean_post_title":"","ocean_post_subheading":"","ocean_post_title_style":"","ocean_post_title_background_color":"","ocean_post_title_background":0,"ocean_post_title_bg_image_position":"","ocean_post_title_bg_image_attachment":"","ocean_post_title_bg_image_repeat":"","ocean_post_title_bg_image_size":"","ocean_post_title_height":0,"ocean_post_title_bg_overlay":0.5,"ocean_post_title_bg_overlay_color":"","ocean_disable_breadcrumbs":"default","ocean_breadcrumbs_color":"","ocean_breadcrumbs_separator_color":"","ocean_breadcrumbs_links_color":"","ocean_breadcrumbs_links_hover_color":"","ocean_display_footer_widgets":"default","ocean_display_footer_bottom":"default","ocean_custom_footer_template":"0","footnotes":""},"class_list":["post-308","page","type-page","status-publish","hentry","entry"],"_links":{"self":[{"href":"https:\/\/grup-petromecanic.ro\/i\/wp-json\/wp\/v2\/pages\/308","targetHints":{"allow":["GET"]}}],"collection":[{"href":"https:\/\/grup-petromecanic.ro\/i\/wp-json\/wp\/v2\/pages"}],"about":[{"href":"https:\/\/grup-petromecanic.ro\/i\/wp-json\/wp\/v2\/types\/page"}],"author":[{"embeddable":true,"href":"https:\/\/grup-petromecanic.ro\/i\/wp-json\/wp\/v2\/users\/1"}],"replies":[{"embeddable":true,"href":"https:\/\/grup-petromecanic.ro\/i\/wp-json\/wp\/v2\/comments?post=308"}],"version-history":[{"count":11,"href":"https:\/\/grup-petromecanic.ro\/i\/wp-json\/wp\/v2\/pages\/308\/revisions"}],"predecessor-version":[{"id":408,"href":"https:\/\/grup-petromecanic.ro\/i\/wp-json\/wp\/v2\/pages\/308\/revisions\/408"}],"wp:attachment":[{"href":"https:\/\/grup-petromecanic.ro\/i\/wp-json\/wp\/v2\/media?parent=308"}],"curies":[{"name":"wp","href":"https:\/\/api.w.org\/{rel}","templated":true}]}}