{"id":108,"date":"2022-08-22T09:30:54","date_gmt":"2022-08-22T09:30:54","guid":{"rendered":"https:\/\/grup-petromecanic.ro\/?page_id=108"},"modified":"2022-09-23T08:18:39","modified_gmt":"2022-09-23T08:18:39","slug":"cariere","status":"publish","type":"page","link":"https:\/\/grup-petromecanic.ro\/de\/cariere\/","title":{"rendered":"Karriere"},"content":{"rendered":"<div data-elementor-type=\"wp-page\" data-elementor-id=\"108\" class=\"elementor elementor-108\">\n\t\t\t\t\t\t<section class=\"elementor-section elementor-top-section elementor-element elementor-element-59856baa elementor-section-boxed elementor-section-height-default elementor-section-height-default\" data-id=\"59856baa\" data-element_type=\"section\" data-settings=\"{&quot;background_background&quot;:&quot;classic&quot;,&quot;background_motion_fx_motion_fx_scrolling&quot;:&quot;yes&quot;,&quot;background_motion_fx_translateY_effect&quot;:&quot;yes&quot;,&quot;background_motion_fx_translateY_speed&quot;:{&quot;unit&quot;:&quot;px&quot;,&quot;size&quot;:9,&quot;sizes&quot;:[]},&quot;background_motion_fx_translateY_affectedRange&quot;:{&quot;unit&quot;:&quot;%&quot;,&quot;size&quot;:&quot;&quot;,&quot;sizes&quot;:{&quot;start&quot;:0,&quot;end&quot;:100}},&quot;background_motion_fx_devices&quot;:[&quot;desktop&quot;,&quot;tablet&quot;,&quot;mobile&quot;],&quot;_ha_eqh_enable&quot;:false}\">\n\t\t\t\t\t\t<div class=\"elementor-container elementor-column-gap-default\">\n\t\t\t\t\t<div class=\"elementor-column elementor-col-50 elementor-top-column elementor-element elementor-element-780854bb\" data-id=\"780854bb\" data-element_type=\"column\">\n\t\t\t<div class=\"elementor-widget-wrap elementor-element-populated\">\n\t\t\t\t\t\t<div class=\"elementor-element elementor-element-4654ba8c elementor-widget__width-initial elementor-widget elementor-widget-heading\" data-id=\"4654ba8c\" data-element_type=\"widget\" data-widget_type=\"heading.default\">\n\t\t\t\t<div class=\"elementor-widget-container\">\n\t\t\t<style>\/*! elementor - v3.20.0 - 20-03-2024 *\/\n.elementor-heading-title{padding:0;margin:0;line-height:1}.elementor-widget-heading .elementor-heading-title[class*=elementor-size-]>a{color:inherit;font-size:inherit;line-height:inherit}.elementor-widget-heading .elementor-heading-title.elementor-size-small{font-size:15px}.elementor-widget-heading .elementor-heading-title.elementor-size-medium{font-size:19px}.elementor-widget-heading .elementor-heading-title.elementor-size-large{font-size:29px}.elementor-widget-heading .elementor-heading-title.elementor-size-xl{font-size:39px}.elementor-widget-heading .elementor-heading-title.elementor-size-xxl{font-size:59px}<\/style><h2 class=\"elementor-heading-title elementor-size-default\">Karriere<\/h2>\t\t<\/div>\n\t\t\t\t<\/div>\n\t\t\t\t\t<\/div>\n\t\t<\/div>\n\t\t\t\t<div class=\"elementor-column elementor-col-50 elementor-top-column elementor-element elementor-element-2ff1009f\" data-id=\"2ff1009f\" data-element_type=\"column\">\n\t\t\t<div class=\"elementor-widget-wrap\">\n\t\t\t\t\t\t\t<\/div>\n\t\t<\/div>\n\t\t\t\t\t<\/div>\n\t\t<\/section>\n\t\t\t\t<section class=\"elementor-section elementor-top-section elementor-element elementor-element-bcfc3e1 elementor-section-boxed elementor-section-height-default elementor-section-height-default\" data-id=\"bcfc3e1\" data-element_type=\"section\" data-settings=\"{&quot;_ha_eqh_enable&quot;:false}\">\n\t\t\t\t\t\t<div class=\"elementor-container elementor-column-gap-default\">\n\t\t\t\t\t<div class=\"elementor-column elementor-col-50 elementor-top-column elementor-element elementor-element-5ed12158\" data-id=\"5ed12158\" data-element_type=\"column\">\n\t\t\t<div class=\"elementor-widget-wrap elementor-element-populated\">\n\t\t\t\t\t\t<div class=\"elementor-element elementor-element-139b4ef2 elementor-widget elementor-widget-text-editor\" data-id=\"139b4ef2\" data-element_type=\"widget\" data-widget_type=\"text-editor.default\">\n\t\t\t\t<div class=\"elementor-widget-container\">\n\t\t\t<style>\/*! elementor - v3.20.0 - 20-03-2024 *\/\n.elementor-widget-text-editor.elementor-drop-cap-view-stacked .elementor-drop-cap{background-color:#69727d;color:#fff}.elementor-widget-text-editor.elementor-drop-cap-view-framed .elementor-drop-cap{color:#69727d;border:3px solid;background-color:transparent}.elementor-widget-text-editor:not(.elementor-drop-cap-view-default) .elementor-drop-cap{margin-top:8px}.elementor-widget-text-editor:not(.elementor-drop-cap-view-default) .elementor-drop-cap-letter{width:1em;height:1em}.elementor-widget-text-editor .elementor-drop-cap{float:left;text-align:center;line-height:1;font-size:50px}.elementor-widget-text-editor .elementor-drop-cap-letter{display:inline-block}<\/style>\t\t\t\t<p>Datorit\u0103 amplelor proiecte aflate \u00een plin\u0103 derulare \u0219i dezvoltare, NE M\u0102RIM ECHIPA!!!<\/p><p>Angaj\u0103m:<\/p><ul><li><strong>SUDORI AUTORIZA\u021aI<\/strong><\/li><li><strong>LAC\u0102TU\u0218I MECANICI CONFEC\u021aII METALICE<\/strong><\/li><li><strong>PROIECTAN\u021aI STRUCTURI METALICE<\/strong><\/li><\/ul><p>Dac\u0103 e\u0219ti o persoan\u0103 deschis\u0103, onest\u0103, cu sim\u021b al responsabilit\u0103\u021bii \u0219i dai randament \u00een cadrul unei echipe, atunci locul t\u0103u este printre oameni de succes.<\/p><p>\u00ce\u021bi oferim un mediu de lucru pl\u0103cut \u00eentr-o echip\u0103 bine format\u0103, proiecte stabile de lung\u0103 durat\u0103, \u0219efi dispu\u0219i s\u0103 \u00ee\u021bi ofere tot suportul necesar. Detaliile contractuale vor fi stabilite \u00een cadrul interviului. A\u0219tept\u0103m CV-ul t\u0103u la adresa de mail: <strong>office@gruppetromecanic.ro<\/strong> sau po\u021bi veni personal la sediul nostru din <strong>Moine\u0219ti, strada Atelierelor, nr. 1E. <\/strong>Pentru orice detaliu ai nevoie, nu ezita s\u0103 contactezi cu \u00eencredere oricare dintre numerele noastre: <strong>0752.244.332<\/strong> sau <strong>0234.362.028<\/strong><\/p>\t\t\t\t\t\t<\/div>\n\t\t\t\t<\/div>\n\t\t\t\t\t<\/div>\n\t\t<\/div>\n\t\t\t\t<div class=\"elementor-column elementor-col-50 elementor-top-column elementor-element elementor-element-3a170f84\" data-id=\"3a170f84\" data-element_type=\"column\">\n\t\t\t<div class=\"elementor-widget-wrap elementor-element-populated\">\n\t\t\t\t\t\t<div class=\"elementor-element elementor-element-d67f4b2 elementor-widget elementor-widget-image\" data-id=\"d67f4b2\" data-element_type=\"widget\" data-widget_type=\"image.default\">\n\t\t\t\t<div class=\"elementor-widget-container\">\n\t\t\t<style>\/*! elementor - v3.20.0 - 20-03-2024 *\/\n.elementor-widget-image{text-align:center}.elementor-widget-image a{display:inline-block}.elementor-widget-image a img[src$=\".svg\"]{width:48px}.elementor-widget-image img{vertical-align:middle;display:inline-block}<\/style>\t\t\t\t\t\t\t\t\t\t<img decoding=\"async\" src=\"https:\/\/grup-petromecanic.ro\/wp-content\/uploads\/elementor\/thumbs\/poza-principala-ptmsqk0izyuiulmmsaaxtraixhoh5k0q3dualclk08.jpg\" title=\"poz\u0103 principal\u0103\" alt=\"cariere\" loading=\"lazy\" \/>\t\t\t\t\t\t\t\t\t\t\t\t\t<\/div>\n\t\t\t\t<\/div>\n\t\t\t\t\t<\/div>\n\t\t<\/div>\n\t\t\t\t\t<\/div>\n\t\t<\/section>\n\t\t\t\t<section class=\"elementor-section elementor-top-section elementor-element elementor-element-3747ea8b elementor-reverse-tablet elementor-reverse-mobile elementor-section-boxed elementor-section-height-default elementor-section-height-default\" data-id=\"3747ea8b\" data-element_type=\"section\" data-settings=\"{&quot;background_background&quot;:&quot;classic&quot;,&quot;_ha_eqh_enable&quot;:false}\">\n\t\t\t\t\t\t<div class=\"elementor-container elementor-column-gap-default\">\n\t\t\t\t\t<div class=\"elementor-column elementor-col-50 elementor-top-column elementor-element elementor-element-5e84f4a5\" data-id=\"5e84f4a5\" data-element_type=\"column\" data-settings=\"{&quot;background_background&quot;:&quot;classic&quot;}\">\n\t\t\t<div class=\"elementor-widget-wrap elementor-element-populated\">\n\t\t\t\t\t\t<div class=\"elementor-element elementor-element-76f24cce elementor-widget__width-inherit elementor-widget elementor-widget-heading\" data-id=\"76f24cce\" data-element_type=\"widget\" data-widget_type=\"heading.default\">\n\t\t\t\t<div class=\"elementor-widget-container\">\n\t\t\t<h2 class=\"elementor-heading-title elementor-size-default\">L\u0103c\u0103tu\u0219 mecanic<\/h2>\t\t<\/div>\n\t\t\t\t<\/div>\n\t\t\t\t<div class=\"elementor-element elementor-element-4c7052e4 elementor-widget elementor-widget-text-editor\" data-id=\"4c7052e4\" data-element_type=\"widget\" data-widget_type=\"text-editor.default\">\n\t\t\t\t<div class=\"elementor-widget-container\">\n\t\t\t\t\t\t\t<p><strong>Candidatului Ideal:<\/strong><\/p><ul><li>experien\u021ba in domeniu sau pe un post similar reprezint\u0103 un avantaj,<\/li><li>s\u0103 fie motivat, serios si implicat,<\/li><li>s\u0103 aib\u0103 cuno\u0219tin\u021be tehnice \u0219i abilita\u021bi mecanice,<\/li><\/ul><p>cunoa\u0219terea desenului tehnic reprezint\u0103 un avantaj<\/p><p><strong>Descrierea postului:<\/strong><\/p><ul><li>Executa opera\u021bii de l\u0103c\u0103tu\u0219erie \u0219i montaj conform documenta\u021biei tehnologice \u0219i a instruc\u021biunilor de control;<\/li><\/ul><p><strong>Informa\u021bii salariale \u0219i Program:<\/strong><\/p><ul><li>Luni &#8211; Vineri 8:00 -16:00<\/li><li>Salariul atractiv, negociabil la interviu \u00een func\u021bie de experien\u021b\u0103.<\/li><\/ul><ul><li>tichete de mas\u0103 \u0219i tichete cadou;<\/li><li>bonusuri pentru performan\u021b\u0103;<\/li><li>beneficii non-financiare: training, certific\u0103ri, team-building;<\/li><li>mediu de lucru ce stimuleaz\u0103 dezvoltarea profesional\u0103 \u0219i personal\u0103<\/li><\/ul>\t\t\t\t\t\t<\/div>\n\t\t\t\t<\/div>\n\t\t\t\t\t<\/div>\n\t\t<\/div>\n\t\t\t\t<div class=\"elementor-column elementor-col-50 elementor-top-column elementor-element elementor-element-4105605a\" data-id=\"4105605a\" data-element_type=\"column\" data-settings=\"{&quot;background_background&quot;:&quot;classic&quot;}\">\n\t\t\t<div class=\"elementor-widget-wrap elementor-element-populated\">\n\t\t\t\t\t\t<div class=\"elementor-element elementor-element-6704aa7b elementor-widget__width-inherit elementor-widget elementor-widget-heading\" data-id=\"6704aa7b\" data-element_type=\"widget\" data-widget_type=\"heading.default\">\n\t\t\t\t<div class=\"elementor-widget-container\">\n\t\t\t<h2 class=\"elementor-heading-title elementor-size-default\">Sudor<\/h2>\t\t<\/div>\n\t\t\t\t<\/div>\n\t\t\t\t<div class=\"elementor-element elementor-element-10860ad elementor-widget elementor-widget-text-editor\" data-id=\"10860ad\" data-element_type=\"widget\" data-widget_type=\"text-editor.default\">\n\t\t\t\t<div class=\"elementor-widget-container\">\n\t\t\t\t\t\t\t<p><strong>Candidatul ideal:<\/strong><\/p><ul><li>Seriozitate, punctualitate \u0219i spirit de echip\u0103<\/li><li>Cunoa\u0219terea parametrilor de sudur\u0103 \u0219i a reglajelor necesare<\/li><li>Cunoa\u0219terea cauzelor \u0219i a modului de remediere a defectelor<\/li><li>Pregatirea spa\u021biului de lucru<\/li><li>Efectuarea sudurii conform modului de lucru indicat<\/li><\/ul><p><strong>Informa\u021bii salariale \u0219i Program:<\/strong><\/p><ul><li>Luni &#8211; Vineri 8:00 -16:00<\/li><li>salariul atractiv, negociabil la interviu \u00een func\u021bie de experien\u021b\u0103.<\/li><li>mediu de lucru pl\u0103cut.<\/li><\/ul><ul><li>tichete de mas\u0103 \u0219i tichete cadou;<\/li><li>bonusuri pentru performan\u021b\u0103;<\/li><li>beneficii non-financiare: training, certific\u0103ri, team-building;<\/li><li>mediu de lucru ce stimuleaz\u0103 dezvoltarea profesional\u0103 \u0219i personal\u0103<\/li><\/ul>\t\t\t\t\t\t<\/div>\n\t\t\t\t<\/div>\n\t\t\t\t\t<\/div>\n\t\t<\/div>\n\t\t\t\t\t<\/div>\n\t\t<\/section>\n\t\t\t\t<section class=\"elementor-section elementor-top-section elementor-element elementor-element-21ce88b elementor-reverse-tablet elementor-reverse-mobile elementor-section-boxed elementor-section-height-default elementor-section-height-default\" data-id=\"21ce88b\" data-element_type=\"section\" data-settings=\"{&quot;background_background&quot;:&quot;classic&quot;,&quot;_ha_eqh_enable&quot;:false}\">\n\t\t\t\t\t\t<div class=\"elementor-container elementor-column-gap-default\">\n\t\t\t\t\t<div class=\"elementor-column elementor-col-100 elementor-top-column elementor-element elementor-element-56bb43b\" data-id=\"56bb43b\" data-element_type=\"column\" data-settings=\"{&quot;background_background&quot;:&quot;classic&quot;}\">\n\t\t\t<div class=\"elementor-widget-wrap elementor-element-populated\">\n\t\t\t\t\t\t<div class=\"elementor-element elementor-element-fcde4b1 elementor-widget__width-inherit elementor-widget elementor-widget-heading\" data-id=\"fcde4b1\" data-element_type=\"widget\" data-widget_type=\"heading.default\">\n\t\t\t\t<div class=\"elementor-widget-container\">\n\t\t\t<h2 class=\"elementor-heading-title elementor-size-default\">Proiectant structuri metalice<\/h2>\t\t<\/div>\n\t\t\t\t<\/div>\n\t\t\t\t<div class=\"elementor-element elementor-element-3b6cd72 elementor-widget elementor-widget-text-editor\" data-id=\"3b6cd72\" data-element_type=\"widget\" data-widget_type=\"text-editor.default\">\n\t\t\t\t<div class=\"elementor-widget-container\">\n\t\t\t\t\t\t\t<p><strong>Candidatul ideal :<\/strong><\/p><ul><li>Absolvent studii superioare \u00een domeniu,<\/li><li>experien\u0163\u0103 &gt;3 ani \u00een domeniul PROIECT\u0102RII,<ul><li>cunoa\u015fterea programelor ETABS, SAP2000,<\/li><li>cunoa\u015fterea AutoCAD, MS Word, MS Excel,<\/li><li>g\u00e2ndire analitic\u0103, capacitatea de a dezvolta calculele de dimensionare pe baza informa\u0163iilor minime, primite de la client \u015fi \/ sau \u015feful de proiect,<\/li><li>proiectarea prototipului virtual,<\/li><\/ul><\/li><li>realizarea dosarului de fabrica\u021bie: dimensionarea pieselor, \u00eentocmirea planurilor de ansamblu si subansambluri, realizarea nomenclatoarelor de repere,<\/li><li>propunerea si alegerea solu\u021biilor tehnice optime \u00een concordan\u021b\u0103 cu caietul de sarcini \u0219i cerintele de calitate, respect\u0103nd timpii de execu\u021bie \u0219i termenele limita,<\/li><li>respectarea procedurilor de lucru stabilite de responsabilul de proiect.<\/li><\/ul><p><strong>Responsabilit\u0103\u021bi:<\/strong><\/p><ul><li>analiza, calculul \u0219i dimensionarea structurilor de rezisten\u0163\u0103 \u00een ansamblul lor \u015fi a elementelor strucuturale \u00een detaliu;<\/li><li>conceperea schi\u0163elor \u015fi a planurilor schematice pe baza c\u0103rora se vor elabora ulterior plan\u0219ele de detaliu;<\/li><li>comunicarea cu clien\u0163ii, pe probleme tehnice, reprezentarea companiei la discu\u0163ii \u015fi \u00eent\u00e2lniri tehnice \u00eempreun\u0103 cu \u015feful de proiect<\/li><\/ul><p><strong>Informa\u021bii salariale \u0219i Program:<\/strong><\/p><ul><li>*Accept\u0103m \u0219i lucratul remote (<strong>\u201ede acas\u0103\u201d<\/strong>)<\/li><\/ul><ul><li>Luni &#8211; Vineri 8:00 -16:00<\/li><li>Salariul atractiv, negociabil la interviu \u00een func\u021bie de performan\u021b\u0103.<\/li><li>tichete de mas\u0103 \u0219i tichete cadou;<\/li><li>bonusuri pentru performan\u021b\u0103;<\/li><li>beneficii non-financiare: training, certific\u0103ri, team-building;<\/li><li>mediu de lucru ce stimuleaz\u0103 dezvoltarea profesional\u0103 \u0219i personal\u0103<\/li><\/ul>\t\t\t\t\t\t<\/div>\n\t\t\t\t<\/div>\n\t\t\t\t\t<\/div>\n\t\t<\/div>\n\t\t\t\t\t<\/div>\n\t\t<\/section>\n\t\t\t\t<\/div>","protected":false},"excerpt":{"rendered":"<p>Cariere Datorit\u0103 amplelor proiecte aflate \u00een plin\u0103 derulare \u0219i dezvoltare, NE M\u0102RIM ECHIPA!!! Angaj\u0103m: SUDORI AUTORIZA\u021aI LAC\u0102TU\u0218I MECANICI CONFEC\u021aII METALICE PROIECTAN\u021aI STRUCTURI METALICE Dac\u0103 e\u0219ti o persoan\u0103 deschis\u0103, onest\u0103, cu sim\u021b al responsabilit\u0103\u021bii \u0219i dai randament \u00een cadrul unei echipe, atunci locul t\u0103u este printre oameni de succes. \u00ce\u021bi oferim un mediu de lucru pl\u0103cut [&hellip;]<\/p>","protected":false},"author":1,"featured_media":0,"parent":0,"menu_order":0,"comment_status":"closed","ping_status":"closed","template":"","meta":{"ocean_post_layout":"full-screen","ocean_both_sidebars_style":"","ocean_both_sidebars_content_width":0,"ocean_both_sidebars_sidebars_width":0,"ocean_sidebar":"0","ocean_second_sidebar":"0","ocean_disable_margins":"enable","ocean_add_body_class":"","ocean_shortcode_before_top_bar":"","ocean_shortcode_after_top_bar":"","ocean_shortcode_before_header":"","ocean_shortcode_after_header":"","ocean_has_shortcode":"","ocean_shortcode_after_title":"","ocean_shortcode_before_footer_widgets":"","ocean_shortcode_after_footer_widgets":"","ocean_shortcode_before_footer_bottom":"","ocean_shortcode_after_footer_bottom":"","ocean_display_top_bar":"default","ocean_display_header":"default","ocean_header_style":"","ocean_center_header_left_menu":"0","ocean_custom_header_template":"0","ocean_custom_logo":0,"ocean_custom_retina_logo":0,"ocean_custom_logo_max_width":0,"ocean_custom_logo_tablet_max_width":0,"ocean_custom_logo_mobile_max_width":0,"ocean_custom_logo_max_height":0,"ocean_custom_logo_tablet_max_height":0,"ocean_custom_logo_mobile_max_height":0,"ocean_header_custom_menu":"0","ocean_menu_typo_font_family":"0","ocean_menu_typo_font_subset":"","ocean_menu_typo_font_size":0,"ocean_menu_typo_font_size_tablet":0,"ocean_menu_typo_font_size_mobile":0,"ocean_menu_typo_font_size_unit":"px","ocean_menu_typo_font_weight":"","ocean_menu_typo_font_weight_tablet":"","ocean_menu_typo_font_weight_mobile":"","ocean_menu_typo_transform":"","ocean_menu_typo_transform_tablet":"","ocean_menu_typo_transform_mobile":"","ocean_menu_typo_line_height":0,"ocean_menu_typo_line_height_tablet":0,"ocean_menu_typo_line_height_mobile":0,"ocean_menu_typo_line_height_unit":"","ocean_menu_typo_spacing":0,"ocean_menu_typo_spacing_tablet":0,"ocean_menu_typo_spacing_mobile":0,"ocean_menu_typo_spacing_unit":"","ocean_menu_link_color":"","ocean_menu_link_color_hover":"","ocean_menu_link_color_active":"","ocean_menu_link_background":"","ocean_menu_link_hover_background":"","ocean_menu_link_active_background":"","ocean_menu_social_links_bg":"","ocean_menu_social_hover_links_bg":"","ocean_menu_social_links_color":"","ocean_menu_social_hover_links_color":"","ocean_disable_title":"default","ocean_disable_heading":"default","ocean_post_title":"","ocean_post_subheading":"","ocean_post_title_style":"","ocean_post_title_background_color":"","ocean_post_title_background":0,"ocean_post_title_bg_image_position":"","ocean_post_title_bg_image_attachment":"","ocean_post_title_bg_image_repeat":"","ocean_post_title_bg_image_size":"","ocean_post_title_height":0,"ocean_post_title_bg_overlay":0.5,"ocean_post_title_bg_overlay_color":"","ocean_disable_breadcrumbs":"default","ocean_breadcrumbs_color":"","ocean_breadcrumbs_separator_color":"","ocean_breadcrumbs_links_color":"","ocean_breadcrumbs_links_hover_color":"","ocean_display_footer_widgets":"default","ocean_display_footer_bottom":"default","ocean_custom_footer_template":"0","footnotes":""},"class_list":["post-108","page","type-page","status-publish","hentry","entry"],"_links":{"self":[{"href":"https:\/\/grup-petromecanic.ro\/de\/wp-json\/wp\/v2\/pages\/108","targetHints":{"allow":["GET"]}}],"collection":[{"href":"https:\/\/grup-petromecanic.ro\/de\/wp-json\/wp\/v2\/pages"}],"about":[{"href":"https:\/\/grup-petromecanic.ro\/de\/wp-json\/wp\/v2\/types\/page"}],"author":[{"embeddable":true,"href":"https:\/\/grup-petromecanic.ro\/de\/wp-json\/wp\/v2\/users\/1"}],"replies":[{"embeddable":true,"href":"https:\/\/grup-petromecanic.ro\/de\/wp-json\/wp\/v2\/comments?post=108"}],"version-history":[{"count":11,"href":"https:\/\/grup-petromecanic.ro\/de\/wp-json\/wp\/v2\/pages\/108\/revisions"}],"predecessor-version":[{"id":413,"href":"https:\/\/grup-petromecanic.ro\/de\/wp-json\/wp\/v2\/pages\/108\/revisions\/413"}],"wp:attachment":[{"href":"https:\/\/grup-petromecanic.ro\/de\/wp-json\/wp\/v2\/media?parent=108"}],"curies":[{"name":"wp","href":"https:\/\/api.w.org\/{rel}","templated":true}]}}